{"id":12,"date":"2022-12-29T11:27:38","date_gmt":"2022-12-29T11:27:38","guid":{"rendered":"https:\/\/onovo-demo.bslthemes.com\/?page_id=12"},"modified":"2024-06-30T00:15:40","modified_gmt":"2024-06-30T00:15:40","slug":"inicio","status":"publish","type":"page","link":"https:\/\/plasmamx.com\/","title":{"rendered":"Inicio"},"content":{"rendered":"<h1>\n\t\t\t\t\t\tCreando y <br \/>Conectando<br \/>\n\t\t\t\t<\/h1>\n<p>\t\t\t\t\t\t\tCreaci\u00f3n de contenido y posicionamiento en redes sociales\n\t\t\t<link rel=\"stylesheet\" href=\"https:\/\/plasmamx.com\/wp-content\/plugins\/elementor\/assets\/css\/widget-icon-box.min.css\">\n<h3>\n\t\t\t\t\t\tMarca <br \/>personal<br \/>\n\t\t\t\t<\/h3>\n<p>\n\t\t\t\t\t\tDestaca qui\u00e9n eres y lo que representas en tu campo, creando una identidad \u00fanica y aut\u00e9ntica. Construye una imagen s\u00f3lida y comunica tu valor para destacarte y conectar con tu audiencia en l\u00ednea.\t\t\t\t\t<\/p>\n<h3>\n\t\t\t\t\t\tMarca comercial<br \/>\n\t\t\t\t<\/h3>\n<p>\n\t\t\t\t\t\tCrea una identidad \u00fanica para tu negocio, establece una conexi\u00f3n emocional con tu audiencia y destaca en tu industria.\u00a0\t\t\t\t\t<\/p>\n<h3>\n\t\t\t\t\t\tIdea digital<br \/>\n\t\t\t\t<\/h3>\n<p>\n\t\t\t\t\t\tConvierte tus conceptos en l\u00ednea de acci\u00f3n. Explora oportunidades en el mundo virtual y transforma pensamientos en realidades digitales para alcanzar tus metas en el entorno online.\t\t\t\t\t<\/p>\n<h3>\n\t\t\t\t\t\tADS Servicies<br \/>\n\t\t\t\t<\/h3>\n<p>\n\t\t\t\t\t\tImpulsa tu presencia en l\u00ednea con publicidad estrat\u00e9gica. Llega de manera efectiva a tu audiencia objetivo, aumenta la visibilidad y fomenta la participaci\u00f3n a trav\u00e9s de soluciones publicitarias especializadas\t\t\t\t\t<\/p>\n<h3>\n\t\t\t\t\t\tVideo Promocional<br \/>\n\t\t\t\t<\/h3>\n<p>\n\t\t\t\t\t\tCapta la atenci\u00f3n con impactantes videos. Presenta tu mensaje, producto o servicio de manera convincente y atractiva, generando inter\u00e9s y conectando con tu audiencia de manera efectiva\t\t\t\t\t<\/p>\n<p>          plasma        <\/p>\n<h2>\n          Desarrollo y administraci\u00f3n<br \/>\nde plataformas<br \/>\n      <\/h2>\n<p>            3<br \/>\n          A\u00f1os de experiencia        <\/p>\n<style>\/*! elementor - v3.15.0 - 09-08-2023 *\/\n.elementor-heading-title{padding:0;margin:0;line-height:1}.elementor-widget-heading .elementor-heading-title[class*=elementor-size-]>a{color:inherit;font-size:inherit;line-height:inherit}.elementor-widget-heading .elementor-heading-title.elementor-size-small{font-size:15px}.elementor-widget-heading .elementor-heading-title.elementor-size-medium{font-size:19px}.elementor-widget-heading .elementor-heading-title.elementor-size-large{font-size:29px}.elementor-widget-heading .elementor-heading-title.elementor-size-xl{font-size:39px}.elementor-widget-heading .elementor-heading-title.elementor-size-xxl{font-size:59px}<\/style>\n<h5> Mision<\/h5>\n<p>Desde el momento en que nuestra empresa fue fundada, hemos ayudado a nuestros clientes a encontrar soluciones excepcionales para sus negocios: marcas memorables y productos digitales. Nuestra experiencia crece con cada a\u00f1o y nuestra experiencia acumulada.<\/p>\n<p>            3<br \/>\n          A\u00f1os de experiencia        <\/p>\n<style>\/*! elementor - v3.15.0 - 09-08-2023 *\/\n.elementor-widget-image{text-align:center}.elementor-widget-image a{display:inline-block}.elementor-widget-image a img[src$=\".svg\"]{width:48px}.elementor-widget-image img{vertical-align:middle;display:inline-block}<\/style>\n<p>\t\t\t\t\t\t\t\t\t\t\t\t<img decoding=\"async\" width=\"900\" height=\"830\" src=\"http:\/\/plasmamx.com\/wp-content\/uploads\/2023\/08\/338966884_979799886730909_5086896119929194749_n-1024x944.jpeg\" alt=\"\" loading=\"lazy\" srcset=\"https:\/\/plasmamx.com\/wp-content\/uploads\/2023\/08\/338966884_979799886730909_5086896119929194749_n-1024x944.jpeg 1024w, https:\/\/plasmamx.com\/wp-content\/uploads\/2023\/08\/338966884_979799886730909_5086896119929194749_n-300x277.jpeg 300w, https:\/\/plasmamx.com\/wp-content\/uploads\/2023\/08\/338966884_979799886730909_5086896119929194749_n-768x708.jpeg 768w, https:\/\/plasmamx.com\/wp-content\/uploads\/2023\/08\/338966884_979799886730909_5086896119929194749_n-200x184.jpeg 200w, https:\/\/plasmamx.com\/wp-content\/uploads\/2023\/08\/338966884_979799886730909_5086896119929194749_n-400x369.jpeg 400w, https:\/\/plasmamx.com\/wp-content\/uploads\/2023\/08\/338966884_979799886730909_5086896119929194749_n-800x738.jpeg 800w, https:\/\/plasmamx.com\/wp-content\/uploads\/2023\/08\/338966884_979799886730909_5086896119929194749_n-1000x922.jpeg 1000w, https:\/\/plasmamx.com\/wp-content\/uploads\/2023\/08\/338966884_979799886730909_5086896119929194749_n-1200x1107.jpeg 1200w, https:\/\/plasmamx.com\/wp-content\/uploads\/2023\/08\/338966884_979799886730909_5086896119929194749_n.jpeg 1338w\" sizes=\"(max-width: 900px) 100vw, 900px\" \/>\t\t\t\t\t\t\t\t\t\t\t\t\t\t\t<\/p>\n<h5>\n\t\t\t\t\t<a href=\"\"><br \/>\n\t\t\t\t\t\t-VIDEO<br \/>\n\t\t\t\t\t<\/a>\t\t\t\t\t<\/h5>\n<h5>\n\t\t\t\t\t<a href=\"\"><br \/>\n\t\t\t\t\t\t-Branding<br \/>\n\t\t\t\t\t<\/a>\t\t\t\t\t<\/h5>\n<h5>\n\t\t\t\t\t<a href=\"\"><br \/>\n\t\t\t\t\t\t-Social Media<br \/>\n\t\t\t\t\t<\/a>\t\t\t\t\t<\/h5>\n<h5>\n\t\t\t\t\t<a href=\"\"><br \/>\n\t\t\t\t\t\tPlubicidad<br \/>\n\t\t\t\t\t<\/a>\t\t\t\t\t<\/h5>\n<h5>\n\t\t\t\t\t<a href=\"\"><br \/>\n\t\t\t\t\t\tEcomerce<br \/>\n\t\t\t\t\t<\/a>\t\t\t\t\t<\/h5>\n<style>\/*! elementor - v3.15.0 - 09-08-2023 *\/\n.elementor-column .elementor-spacer-inner{height:var(--spacer-size)}.e-con{--container-widget-width:100%}.e-con-inner>.elementor-widget-spacer,.e-con>.elementor-widget-spacer{width:var(--container-widget-width,var(--spacer-size));--align-self:var(--container-widget-align-self,initial);--flex-shrink:0}.e-con-inner>.elementor-widget-spacer>.elementor-widget-container,.e-con-inner>.elementor-widget-spacer>.elementor-widget-container>.elementor-spacer,.e-con>.elementor-widget-spacer>.elementor-widget-container,.e-con>.elementor-widget-spacer>.elementor-widget-container>.elementor-spacer{height:100%}.e-con-inner>.elementor-widget-spacer>.elementor-widget-container>.elementor-spacer>.elementor-spacer-inner,.e-con>.elementor-widget-spacer>.elementor-widget-container>.elementor-spacer>.elementor-spacer-inner{height:var(--container-widget-height,var(--spacer-size))}<\/style>\n<h2>\n          Algunos de nuestros clientes<br \/>\n      <\/h2>\n<style>\/*! elementor - v3.15.0 - 09-08-2023 *\/\n.elementor-widget-image-carousel .swiper,.elementor-widget-image-carousel .swiper-container{position:static}.elementor-widget-image-carousel .swiper-container .swiper-slide figure,.elementor-widget-image-carousel .swiper .swiper-slide figure{line-height:inherit}.elementor-widget-image-carousel .swiper-slide{text-align:center}.elementor-image-carousel-wrapper:not(.swiper-container-initialized):not(.swiper-initialized) .swiper-slide{max-width:calc(100% \/ var(--e-image-carousel-slides-to-show, 3))}<\/style>\n<figure><img decoding=\"async\" src=\"http:\/\/plasmamx.com\/wp-content\/uploads\/2023\/08\/GSI-022.png\" alt=\"GSI-022\" \/><\/figure>\n<figure><img decoding=\"async\" src=\"http:\/\/plasmamx.com\/wp-content\/uploads\/2023\/08\/Screen_Shot_2023-08-10_at_12.04.49_PM-removebg-preview-1.png\" alt=\"Screen_Shot_2023-08-10_at_12.04.49_PM-removebg-preview\" \/><\/figure>\n<figure><img decoding=\"async\" src=\"http:\/\/plasmamx.com\/wp-content\/uploads\/2023\/08\/Sin-titulo-2-300x55-2.png\" alt=\"Sin-ti\u0301tulo-2-300x55\" \/><\/figure>\n<figure><img decoding=\"async\" src=\"http:\/\/plasmamx.com\/wp-content\/uploads\/2023\/08\/Screen_Shot_2023-08-10_at_11.56.23_AM-removebg-preview1-1.png\" alt=\"Screen_Shot_2023-08-10_at_11.56.23_AM-removebg-preview(1)\" \/><\/figure>\n<figure><img decoding=\"async\" src=\"http:\/\/plasmamx.com\/wp-content\/uploads\/2023\/08\/Screen_Shot_2023-08-10_at_11.52.44_AM-removebg-preview.png\" alt=\"Screen_Shot_2023-08-10_at_11.52.44_AM-removebg-preview\" \/><\/figure>\n<figure><img decoding=\"async\" src=\"http:\/\/plasmamx.com\/wp-content\/uploads\/2023\/08\/Screen_Shot_2023-08-10_at_11.52.13_AM-removebg-preview.png\" alt=\"Screen_Shot_2023-08-10_at_11.52.13_AM-removebg-preview\" \/><\/figure>\n<figure><img decoding=\"async\" src=\"http:\/\/plasmamx.com\/wp-content\/uploads\/2023\/08\/Sin-titulo-2-300x55-1.png\" alt=\"Sin-ti\u0301tulo-2-300x55\" \/><\/figure>\n","protected":false},"excerpt":{"rendered":"<p>Creando y Conectando Creaci\u00f3n de contenido y posicionamiento en redes sociales Marca personal Destaca qui\u00e9n eres y lo que representas&#8230; <br \/><a href=\"https:\/\/plasmamx.com\/\" class=\"onovo-btn onovo-hover-btn\"><span>Read more<\/span><\/a><\/p>\n","protected":false},"author":1,"featured_media":0,"parent":0,"menu_order":0,"comment_status":"closed","ping_status":"closed","template":"template-elementor-default.php","meta":{"footnotes":""},"class_list":["post-12","page","type-page","status-publish","hentry"],"acf":[],"_links":{"self":[{"href":"https:\/\/plasmamx.com\/index.php\/wp-json\/wp\/v2\/pages\/12"}],"collection":[{"href":"https:\/\/plasmamx.com\/index.php\/wp-json\/wp\/v2\/pages"}],"about":[{"href":"https:\/\/plasmamx.com\/index.php\/wp-json\/wp\/v2\/types\/page"}],"author":[{"embeddable":true,"href":"https:\/\/plasmamx.com\/index.php\/wp-json\/wp\/v2\/users\/1"}],"replies":[{"embeddable":true,"href":"https:\/\/plasmamx.com\/index.php\/wp-json\/wp\/v2\/comments?post=12"}],"version-history":[{"count":122,"href":"https:\/\/plasmamx.com\/index.php\/wp-json\/wp\/v2\/pages\/12\/revisions"}],"predecessor-version":[{"id":5382,"href":"https:\/\/plasmamx.com\/index.php\/wp-json\/wp\/v2\/pages\/12\/revisions\/5382"}],"wp:attachment":[{"href":"https:\/\/plasmamx.com\/index.php\/wp-json\/wp\/v2\/media?parent=12"}],"curies":[{"name":"wp","href":"https:\/\/api.w.org\/{rel}","templated":true}]}}